{"id":16228,"date":"2022-03-16T12:56:49","date_gmt":"2022-03-16T12:56:49","guid":{"rendered":"https:\/\/www.dauris.com\/allgemeine-geschaeftsbedingungen\/"},"modified":"2022-03-16T13:17:14","modified_gmt":"2022-03-16T13:17:14","slug":"allmaena-villkor-foer-dauris","status":"publish","type":"page","link":"https:\/\/www.dauris.com\/sv\/allmaena-villkor-foer-dauris\/","title":{"rendered":"ALLM\u00c4NA VILLKOR F\u00d6R DAURIS"},"content":{"rendered":"<p>[vc_row css_animation=&#8221;&#8221; row_type=&#8221;row&#8221; use_row_as_full_screen_section=&#8221;no&#8221; type=&#8221;full_width&#8221; angled_section=&#8221;no&#8221; text_align=&#8221;left&#8221; background_image_as_pattern=&#8221;without_pattern&#8221;][vc_column][vc_column_text]F\u00f6r att underl\u00e4tta l\u00e4sbarheten kommer DAURIS att kallas tj\u00e4nsteleverant\u00f6r.<\/p>\n<p>&nbsp;<\/p>\n<p>I ) ALLM\u00c4N INFORMATION<\/p>\n<p>1.1 AKTIVITETER<br \/>\nTj\u00e4nsteleverant\u00f6ren ut\u00f6var i huvudsak verksamhet med r\u00e5dgivning och f\u00f6rs\u00e4ljning av tj\u00e4nster och produkter.<\/p>\n<p>Denna verksamhet omfattar s\u00e4rskilt r\u00e5dgivning och personliga behandlingar, seminarier, Feng Shui, f\u00f6rs\u00e4ljning av stenar och andra produkter.<\/p>\n<p>1.2 OFFERT<br \/>\nTj\u00e4nsteleverant\u00f6ren har tidigare, p\u00e5 kundens beg\u00e4ran, kostnadsfritt f\u00f6reslagit en offert som uppr\u00e4ttats enligt kundens indikationer och behov.<br \/>\nDe offerter som leverant\u00f6ren utf\u00e4rdar \u00e4r giltiga i 30 dagar.<\/p>\n<p>Denna period b\u00f6rjar l\u00f6pa den dag d\u00e5 offerten uppr\u00e4ttas av tj\u00e4nsteleverant\u00f6ren.<br \/>\nN\u00e4r denna period har l\u00f6pt ut m\u00e5ste tj\u00e4nsteleverant\u00f6ren uppr\u00e4tta en ny offert, eventuellt med andra prisvillkor.<\/p>\n<p>1.3 GODK\u00c4NNANDE<br \/>\nKunden accepterar offerten p\u00e5 ett fast, o\u00e5terkalleligt, fritt och informerat s\u00e4tt.<br \/>\nKunden har tidigare f\u00f6rs\u00e4krat sig om att alla tj\u00e4nster eller produkter som kr\u00e4vs har n\u00e4mnts i offerten.<\/p>\n<p>Om s\u00e5 inte \u00e4r fallet ska tj\u00e4nsteleverant\u00f6ren ha r\u00e4tt att fakturera det extra arbetet enligt sina vanliga taxor.<\/p>\n<p>1.4 I ENLIGHET MED VARNINGEN P\u00c5 FRAMSIDAN.<br \/>\nKunden bekr\u00e4ftar att han har l\u00e4st de allm\u00e4nna f\u00f6rs\u00e4ljningsvillkoren och accepterar dem utan f\u00f6rbeh\u00e5ll.<\/p>\n<p>Kunden f\u00f6rklarar dessutom uttryckligen att best\u00e4llningen motsvarar hans behov och att han inte omfattas av n\u00e5gon \u00e5tg\u00e4rd f\u00f6r skydd av vuxna i den mening som avses i artiklarna 489 och f\u00f6ljande i civillagen.<\/p>\n<p>&nbsp;<\/p>\n<p>II ) TID F\u00d6R F\u00c4RDIGST\u00c4LLANDE.<\/p>\n<p>Tidsgr\u00e4nserna f\u00f6r utf\u00f6randet anges till kunden p\u00e5 beg\u00e4ran.<br \/>\nLeveranstiderna anges dock i alla fall som en indikation.<\/p>\n<p>Parterna har kommit \u00f6verens om att eventuella f\u00f6rseningar inte f\u00e5r medf\u00f6ra kostnader, ers\u00e4ttningar eller straffavgifter som skall b\u00e4ras av tj\u00e4nsteleverant\u00f6ren.<\/p>\n<p>&nbsp;<\/p>\n<p>III ) BEST\u00c4LLNING<\/p>\n<p>3.1 FAST OCH DEFINITIV KARAKT\u00c4R<br \/>\nKundens underskrift av offerten eller best\u00e4llningsformul\u00e4ret ger det en fast och definitiv karakt\u00e4r.<\/p>\n<p>Best\u00e4llningen anses vara bekr\u00e4ftad n\u00e4r offerten eller best\u00e4llningsformul\u00e4ret undertecknas av kunden om denne \u00e4r en fysisk person.<\/p>\n<p>Om kunden \u00e4r en juridisk person, kommer offerten att godk\u00e4nnas n\u00e4r den \u00e4r st\u00e4mplad med namn, f\u00f6rnamn, kapacitet och underskrift av den person som \u00e5tar sig uppdraget.<\/p>\n<p>3.2 NY KUND<br \/>\nAlla nya kunder \u00e4r skyldiga att betala en handpenning p\u00e5 30 % av offertens belopp exklusive moms. Handpenning ska betalas n\u00e4r offerten eller best\u00e4llningsformul\u00e4ret undertecknas.<br \/>\nOm detta inte sker kommer ingen tj\u00e4nst att tillhandah\u00e5llas.<\/p>\n<p>3.3 ANNULLERING<br \/>\nSom tidigare n\u00e4mnts kommer tj\u00e4nsteleverant\u00f6ren inte att acceptera n\u00e5gon upps\u00e4gningstid.<br \/>\nVid avbest\u00e4llning efter det att offerten eller best\u00e4llningsformul\u00e4ret har undertecknats ska kunden betala ers\u00e4ttning enligt f\u00f6ljande villkor.<\/p>\n<p>3.4 ERS\u00c4TTNING VID UPPS\u00c4GNING<br \/>\nOm kunden bryter avtalet ska han eller hon betala en fast ers\u00e4ttning som inte kan komprimeras.<\/p>\n<p>Beloppet f\u00f6r denna avbest\u00e4llningsers\u00e4ttning ska vara 50 % av det totala beloppet f\u00f6r offerten eller best\u00e4llningsformul\u00e4ret.<\/p>\n<p>Eventuella tidigare erlagda depositioner skall beh\u00e5llas i vederb\u00f6rlig proportion och vid behov kompletteras p\u00e5 tj\u00e4nsteleverant\u00f6rens f\u00f6rsta beg\u00e4ran.<\/p>\n<p>&nbsp;<\/p>\n<p>IV ) PRIS<\/p>\n<p>4.1 DEFINITION<br \/>\nDet \u00f6verenskomna priset g\u00e4ller f\u00f6r alla tj\u00e4nster som definieras i kostnadsf\u00f6rslaget, kontraktet eller best\u00e4llningsformul\u00e4ret.<\/p>\n<p>Priset anses vara netto, fast och garanterat med f\u00f6rbeh\u00e5ll f\u00f6r de reservationer som anges i punkt 1.2.<\/p>\n<p>Eventuella till\u00e4ggstj\u00e4nster, s\u00e4rskilt i form av merv\u00e4rde, som endast kan utf\u00f6ras p\u00e5 kundens beg\u00e4ran, ska faktureras separat.<\/p>\n<p>4.2 PORTO<br \/>\nPortobeloppet skall fastst\u00e4llas i samband med att offerten uppr\u00e4ttas.<br \/>\nPortobeloppet ska betalas samma dag som offerten eller best\u00e4llningsblanketten undertecknas.<\/p>\n<p>4.3 LEVERANS<br \/>\nAlla leveranser ska ske p\u00e5 kundens bekostnad.<br \/>\nLeveranser som utf\u00f6rs av tj\u00e4nsteleverant\u00f6ren faktureras separat p\u00e5 basis av 1 euro per km exklusive moms, till exempel f\u00f6r Feng Shui.<\/p>\n<p>&nbsp;<\/p>\n<p>V ) OPPOSITION<\/p>\n<p>Varje inv\u00e4ndning mot en check som ges som betalning utanf\u00f6r de fall som f\u00f6reskrivs i lagen anses vara utf\u00e4rdande av en ogiltig check.<\/p>\n<p>Kunden ska st\u00e5 f\u00f6r alla kostnader till f\u00f6ljd av ett felaktigt betalningsstopp och i alla fall, p\u00e5 tj\u00e4nsteleverant\u00f6rens f\u00f6rsta beg\u00e4ran, omedelbart h\u00e4va betalningsstoppet s\u00e5 att checken kan representeras och betalas.<\/p>\n<p>Kunden f\u00f6rbinder sig att informera sin bank om detta.<br \/>\nDe senare kan d\u00e5 vara solidariskt ansvariga.<\/p>\n<p>&nbsp;<\/p>\n<p>VI ) F\u00d6RBEH\u00c5LL F\u00d6R \u00c4GANDER\u00c4TT<\/p>\n<p>Leveransen av produkterna \u00e4r detsamma som att \u00e4gander\u00e4tten \u00f6verf\u00f6rs till kunden.<br \/>\nS\u00e5 l\u00e4nge som produkterna inte har betalats i sin helhet till tj\u00e4nsteleverant\u00f6ren ska s\u00e4ljaren dock \u00e5tnjuta ett \u00e4gander\u00e4ttsf\u00f6rbeh\u00e5ll till dess att de f\u00f6rfallna beloppen har betalats i sin helhet, utan f\u00f6reg\u00e5ende meddelande eller s\u00e4rskilt tillst\u00e5nd.<br \/>\nI detta fall ska kunden i god tro se till att produkterna f\u00f6rvaras.<\/p>\n<p>Fram till dess att betalningen \u00e4r verkst\u00e4lld b\u00e4r kunden risken f\u00f6r f\u00f6rst\u00f6relse, f\u00f6rlust eller annan skada som kan drabba de f\u00f6rv\u00e4rvade produkterna.<\/p>\n<p>&nbsp;<\/p>\n<p>VII ) DATABEHANDLING OCH FRIHET<\/p>\n<p>DAURIS behandlar de personuppgifter som samlas in av anv\u00e4ndarna i enlighet med g\u00e4llande best\u00e4mmelser och p\u00e5 de villkor som anges i policyn f\u00f6r behandling av personuppgifter som finns p\u00e5 min hemsida.<\/p>\n<p>&nbsp;<\/p>\n<p>VIII ) BETALNINGSVILLKOR<\/p>\n<p>8.1<br \/>\nOm inget annat avtalats beviljar tj\u00e4nsteleverant\u00f6ren inga betalningsvillkor. Fakturor ska betalas den dag som anges i fakturan.<\/p>\n<p>I enlighet med artikel L 441-6 i den franska handelslagen kommer varje underl\u00e5tenhet att betala p\u00e5 f\u00f6rfallodagen att leda till ett s\u00e4rskilt och autonomt fast vite p\u00e5 40 euro, exklusive eventuella h\u00f6gre inkassokostnader som debiteras kunden.<\/p>\n<p>8.2<br \/>\nVarje f\u00f6rsening som g\u00f6r det n\u00f6dv\u00e4ndigt att tillgripa indrivning ska leda till att parterna uttryckligen kommer \u00f6verens om att, genom en straffklausul, till\u00e4mpa en ers\u00e4ttning som motsvarar 20 % av det totala beloppet ut\u00f6ver indrivningskostnader och en r\u00e4nta som h\u00f6js med 5 procentenheter.<\/p>\n<p>&nbsp;<\/p>\n<p>IX ) JURISDIKTIONSKLAUSUL<\/p>\n<p>I h\u00e4ndelse av en tvist av n\u00e5got slag eller ett bestridande ska domstolarna vid appellationsdomstolen i Colmar ha exklusiv beh\u00f6righet.<\/p>\n<p>Denna klausul \u00e4r till\u00e4mplig vid summariska f\u00f6rfaranden, tillf\u00e4lliga framst\u00e4llningar, flera svarande och vid handelstvister.<\/p>\n<p>Den lag som \u00e4r till\u00e4mplig p\u00e5 alla tvister eller meningsskiljaktigheter som r\u00f6r uppr\u00e4ttandet eller genomf\u00f6randet av detta avtal \u00e4r fransk lag som g\u00e4ller p\u00e5 dagen f\u00f6r undertecknandet.[\/vc_column_text][\/vc_column][\/vc_row]<\/p>\n","protected":false},"excerpt":{"rendered":"<p>[vc_row css_animation=&#8221;&#8221; row_type=&#8221;row&#8221; use_row_as_full_screen_section=&#8221;no&#8221; type=&#8221;full_width&#8221; angled_section=&#8221;no&#8221; text_align=&#8221;left&#8221; background_image_as_pattern=&#8221;without_pattern&#8221;][vc_column][vc_column_text]F\u00f6r att underl\u00e4tta l\u00e4sbarheten kommer DAURIS att kallas tj\u00e4nsteleverant\u00f6r. &nbsp; I ) ALLM\u00c4N INFORMATION 1.1 AKTIVITETER Tj\u00e4nsteleverant\u00f6ren ut\u00f6var i huvudsak verksamhet med r\u00e5dgivning och f\u00f6rs\u00e4ljning av tj\u00e4nster och produkter. Denna verksamhet omfattar s\u00e4rskilt r\u00e5dgivning och personliga behandlingar, seminarier,&#8230;<\/p>\n","protected":false},"author":2,"featured_media":0,"parent":0,"menu_order":0,"comment_status":"closed","ping_status":"closed","template":"","meta":{"footnotes":""},"class_list":["post-16228","page","type-page","status-publish","hentry"],"aioseo_notices":[],"_links":{"self":[{"href":"https:\/\/www.dauris.com\/sv\/wp-json\/wp\/v2\/pages\/16228","targetHints":{"allow":["GET"]}}],"collection":[{"href":"https:\/\/www.dauris.com\/sv\/wp-json\/wp\/v2\/pages"}],"about":[{"href":"https:\/\/www.dauris.com\/sv\/wp-json\/wp\/v2\/types\/page"}],"author":[{"embeddable":true,"href":"https:\/\/www.dauris.com\/sv\/wp-json\/wp\/v2\/users\/2"}],"replies":[{"embeddable":true,"href":"https:\/\/www.dauris.com\/sv\/wp-json\/wp\/v2\/comments?post=16228"}],"version-history":[{"count":3,"href":"https:\/\/www.dauris.com\/sv\/wp-json\/wp\/v2\/pages\/16228\/revisions"}],"predecessor-version":[{"id":16235,"href":"https:\/\/www.dauris.com\/sv\/wp-json\/wp\/v2\/pages\/16228\/revisions\/16235"}],"wp:attachment":[{"href":"https:\/\/www.dauris.com\/sv\/wp-json\/wp\/v2\/media?parent=16228"}],"curies":[{"name":"wp","href":"https:\/\/api.w.org\/{rel}","templated":true}]}}