{"id":16217,"date":"2015-04-09T13:26:37","date_gmt":"2015-04-09T13:26:37","guid":{"rendered":"https:\/\/www.dauris.com\/homepage\/"},"modified":"2022-05-25T08:55:36","modified_gmt":"2022-05-25T08:55:36","slug":"homepage","status":"publish","type":"page","link":"https:\/\/www.dauris.com\/sv\/","title":{"rendered":"Homepage"},"content":{"rendered":"<p>[vc_row css_animation=&#8221;&#8221; row_type=&#8221;row&#8221; use_row_as_full_screen_section=&#8221;no&#8221; type=&#8221;full_width&#8221; angled_section=&#8221;no&#8221; text_align=&#8221;left&#8221; background_image_as_pattern=&#8221;without_pattern&#8221;][vc_column]\n\t\t\t<!-- START home sv REVOLUTION SLIDER 6.5.9 --><p class=\"rs-p-wp-fix\"><\/p>\n\t\t\t<rs-module-wrap id=\"rev_slider_3_1_wrapper\" data-source=\"gallery\" style=\"visibility:hidden;background:transparent;padding:0;margin:0px auto;margin-top:0;margin-bottom:0;\">\n\t\t\t\t<rs-module id=\"rev_slider_3_1\" style=\"\" data-version=\"6.5.9\">\n\t\t\t\t\t<rs-slides>\n\t\t\t\t\t\t<rs-slide style=\"position: absolute;\" data-key=\"rs-3\" data-title=\"Slide\" data-in=\"o:0;\" data-out=\"a:false;\">\n\t\t\t\t\t\t\t<img decoding=\"async\" src=\"\/\/www.dauris.com\/wp-content\/plugins\/revslider\/public\/assets\/assets\/dummy.png\" alt=\"Slide\" title=\"Homepage\" class=\"rev-slidebg tp-rs-img rs-lazyload\" data-lazyload=\"\/\/www.dauris.com\/wp-content\/plugins\/revslider\/public\/assets\/assets\/transparent.png\" data-no-retina>\n<!--\n\t\t\t\t\t\t\t--><rs-layer\n\t\t\t\t\t\t\t\tid=\"slider-3-slide-3-layer-0\" \n\t\t\t\t\t\t\t\tdata-type=\"image\"\n\t\t\t\t\t\t\t\tdata-rsp_ch=\"on\"\n\t\t\t\t\t\t\t\tdata-xy=\"x:-10px;y:-7px;\"\n\t\t\t\t\t\t\t\tdata-text=\"w:normal;\"\n\t\t\t\t\t\t\t\tdata-dim=\"w:1217px;h:558px;\"\n\t\t\t\t\t\t\t\tdata-frame_999=\"o:0;st:w;\"\n\t\t\t\t\t\t\t\tstyle=\"z-index:5;\"\n\t\t\t\t\t\t\t><img loading=\"lazy\" decoding=\"async\" src=\"\/\/www.dauris.com\/wp-content\/plugins\/revslider\/public\/assets\/assets\/dummy.png\" class=\"tp-rs-img rs-lazyload\" width=\"1502\" height=\"689\" data-lazyload=\"\/\/www.dauris.com\/wp-content\/uploads\/2022\/02\/dauri-neumann-home-1.jpg\" data-no-retina> \n\t\t\t\t\t\t\t<\/rs-layer><!--\n\n\t\t\t\t\t\t\t--><rs-layer\n\t\t\t\t\t\t\t\tid=\"slider-3-slide-3-layer-1\" \n\t\t\t\t\t\t\t\tdata-type=\"text\"\n\t\t\t\t\t\t\t\tdata-color=\"#ffffff\"\n\t\t\t\t\t\t\t\tdata-rsp_ch=\"on\"\n\t\t\t\t\t\t\t\tdata-xy=\"x:100px;y:205px;\"\n\t\t\t\t\t\t\t\tdata-text=\"w:normal;s:55;l:54;\"\n\t\t\t\t\t\t\t\tdata-dim=\"w:496;\"\n\t\t\t\t\t\t\t\tdata-frame_999=\"o:0;st:w;\"\n\t\t\t\t\t\t\t\tstyle=\"z-index:6;font-family:'Montserrat';\"\n\t\t\t\t\t\t\t>Att leva i harmoni <br \/>\nmed sig sj\u00e4lv \n\t\t\t\t\t\t\t<\/rs-layer><!--\n\n\t\t\t\t\t\t\t--><rs-layer\n\t\t\t\t\t\t\t\tid=\"slider-3-slide-3-layer-2\" \n\t\t\t\t\t\t\t\tdata-type=\"text\"\n\t\t\t\t\t\t\t\tdata-color=\"#ffffff\"\n\t\t\t\t\t\t\t\tdata-rsp_ch=\"on\"\n\t\t\t\t\t\t\t\tdata-xy=\"x:102px;y:360px;\"\n\t\t\t\t\t\t\t\tdata-text=\"w:normal;s:32;l:39;\"\n\t\t\t\t\t\t\t\tdata-frame_999=\"o:0;st:w;\"\n\t\t\t\t\t\t\t\tstyle=\"z-index:7;font-family:'Montserrat';\"\n\t\t\t\t\t\t\t>Utveckling - <br \/>\nAckompanjemang - <br \/>\nGuidning \n\t\t\t\t\t\t\t<\/rs-layer><!--\n-->\t\t\t\t\t\t<\/rs-slide>\n\t\t\t\t\t<\/rs-slides>\n\t\t\t\t<\/rs-module>\n\t\t\t\t<script type=\"text\/javascript\">\n\t\t\t\t\tsetREVStartSize({c: 'rev_slider_3_1',rl:[1240,1024,778,480],el:[550],gw:[1200],gh:[550],type:'standard',justify:'',layout:'fullwidth',mh:\"0\"});if (window.RS_MODULES!==undefined && window.RS_MODULES.modules!==undefined && window.RS_MODULES.modules[\"revslider31\"]!==undefined) {window.RS_MODULES.modules[\"revslider31\"].once = false;window.revapi3 = undefined;if (window.RS_MODULES.checkMinimal!==undefined) window.RS_MODULES.checkMinimal()}\n\t\t\t\t<\/script>\n\t\t\t<\/rs-module-wrap>\n\t\t\t<!-- END REVOLUTION SLIDER -->\n[\/vc_column][\/vc_row][vc_row css_animation=&#8221;&#8221; row_type=&#8221;row&#8221; use_row_as_full_screen_section=&#8221;no&#8221; type=&#8221;grid&#8221; angled_section=&#8221;no&#8221; text_align=&#8221;left&#8221; background_image_as_pattern=&#8221;without_pattern&#8221; css=&#8221;.vc_custom_1647332807878{margin-top: 80px !important;}&#8221; z_index=&#8221;&#8221;][vc_column offset=&#8221;vc_col-lg-offset-2 vc_col-lg-8 vc_col-md-offset-1 vc_col-md-10&#8243;][vc_column_text css=&#8221;.vc_custom_1649080633364{margin-bottom: 40px !important;}&#8221;]<\/p>\n<h4>Du vill v\u00e4xa &#8211; och \u00e4ntligen bli den du \u00e4r.<\/h4>\n<p>[\/vc_column_text][vc_column_text css=&#8221;.vc_custom_1649080651115{margin-bottom: 40px !important;}&#8221;]Jag f\u00f6ljer dig med acceptans och k\u00e4rlek, hj\u00e4lper dig att komma i kontakt med din inre sanning och uppmuntrar dig att f\u00f6lja din inre l\u00e4ngtan och guidning f\u00f6r att helt enkelt vara lycklig.<\/p>\n<p>P\u00e5 min egen livsv\u00e4g har jag erfarit hur \u2026. det \u00e4r att n\u00e5 fram i sin egen guidning.[\/vc_column_text][vc_row_inner row_type=&#8221;row&#8221; type=&#8221;full_width&#8221; text_align=&#8221;center&#8221; css_animation=&#8221;&#8221;][vc_column_inner]<a  itemprop=\"url\" href=\"https:\/\/www.dauris.com\/sv\/om-mig-kontakta\/\" target=\"_blank\"  class=\"qbutton  large default\" style=\"\">mer om mig<\/a>[\/vc_column_inner][\/vc_row_inner][\/vc_column][\/vc_row][vc_row css_animation=&#8221;&#8221; row_type=&#8221;row&#8221; use_row_as_full_screen_section=&#8221;no&#8221; type=&#8221;grid&#8221; angled_section=&#8221;no&#8221; text_align=&#8221;left&#8221; background_image_as_pattern=&#8221;without_pattern&#8221; padding_bottom=&#8221;30&#8243; padding_top=&#8221;70&#8243; z_index=&#8221;&#8221;][vc_column offset=&#8221;vc_col-lg-offset-2 vc_col-lg-8 vc_col-md-offset-1 vc_col-md-10&#8243;][vc_column_text css=&#8221;.vc_custom_1649081316315{margin-bottom: 20px !important;}&#8221;]<\/p>\n<h3>Mina erbjudande<\/h3>\n<p>&nbsp;<\/p>\n<p>Under enskilda sessioner eller i Retreat har du utrymme f\u00f6r dig sj\u00e4lv, p\u00e5 Sj\u00e4lsv\u00e4gen eller V\u00e4gen in i ljuset \u00e4r du i en grupp med likasinnade m\u00e4nniskor.<\/p>\n<p>Ditt hj\u00e4rta vet hur det \u00e4r l\u00e4ttast f\u00f6r dig![\/vc_column_text][vc_separator type=&#8221;transparent&#8221; up=&#8221;15&#8243; down=&#8221;0&#8243;]<div class='projects_holder_outer v2 portfolio_with_space portfolio_standard'>\n        <div class='projects_holder portfolio_main_holder clearfix v2 standard portfolio_full_image '>\n        \n        <article class='mix portfolio_category_95 portfolio_category_70 default' style=''>\n    \n    \n    \n                <div class='image_holder'>\n                <a itemprop='url' class='portfolio_link_for_touch' href='https:\/\/www.dauris.com\/sv\/portfolio_page\/att-ga-min-sjaels-vaeg\/' target=''>\n                    \n<span class='image'><img loading=\"lazy\" decoding=\"async\" width=\"800\" height=\"600\" src=\"https:\/\/www.dauris.com\/wp-content\/uploads\/2013\/10\/portfolio-selftermination.jpg\" class=\"attachment-full size-full wp-post-image\" alt=\"\" srcset=\"https:\/\/www.dauris.com\/wp-content\/uploads\/2013\/10\/portfolio-selftermination.jpg 800w, https:\/\/www.dauris.com\/wp-content\/uploads\/2013\/10\/portfolio-selftermination-300x225.jpg 300w, https:\/\/www.dauris.com\/wp-content\/uploads\/2013\/10\/portfolio-selftermination-768x576.jpg 768w, https:\/\/www.dauris.com\/wp-content\/uploads\/2013\/10\/portfolio-selftermination-700x525.jpg 700w\" sizes=\"auto, (max-width: 800px) 100vw, 800px\" \/><\/span>                <\/a>\n\n                <span class='text_holder'>\n    <span class='text_outer'>\n        <span class='text_inner'>\n            <span class='feature_holder'>\n                            <span class=\"feature_holder_icons\">';\n                    \n                            <a itemprop='url' class='preview qbutton small white' href='https:\/\/www.dauris.com\/sv\/portfolio_page\/att-ga-min-sjaels-vaeg\/' target='_self'>Mer inforamtion<\/i><\/a>\n    \n                                            <\/span>\n        <\/span>\n    <\/span>\n<\/span>            <\/div>\n                <div class='portfolio_description ' >\n\n        \n    <h5 itemprop=\"name\" class=\"portfolio_title entry_title\"><a itemprop=\"url\" href=\"https:\/\/www.dauris.com\/sv\/portfolio_page\/att-ga-min-sjaels-vaeg\/\"  target=\"_self\"> Att g\u00e5 min sj\u00e4ls v\u00e4g<\/a><\/h5>\n\n\n        \n        \n    <\/div>\n        \n<\/article>\n<article class='mix portfolio_category_95 portfolio_category_67 default' style=''>\n    \n    \n    \n                <div class='image_holder'>\n                <a itemprop='url' class='portfolio_link_for_touch' href='https:\/\/www.dauris.com\/sv\/portfolio_page\/behandlingar\/' target=''>\n                    \n<span class='image'><img loading=\"lazy\" decoding=\"async\" width=\"800\" height=\"600\" src=\"https:\/\/www.dauris.com\/wp-content\/uploads\/2013\/10\/portfolio-einzelarbeit.jpg\" class=\"attachment-full size-full wp-post-image\" alt=\"\" srcset=\"https:\/\/www.dauris.com\/wp-content\/uploads\/2013\/10\/portfolio-einzelarbeit.jpg 800w, https:\/\/www.dauris.com\/wp-content\/uploads\/2013\/10\/portfolio-einzelarbeit-300x225.jpg 300w, https:\/\/www.dauris.com\/wp-content\/uploads\/2013\/10\/portfolio-einzelarbeit-768x576.jpg 768w, https:\/\/www.dauris.com\/wp-content\/uploads\/2013\/10\/portfolio-einzelarbeit-700x525.jpg 700w\" sizes=\"auto, (max-width: 800px) 100vw, 800px\" \/><\/span>                <\/a>\n\n                <span class='text_holder'>\n    <span class='text_outer'>\n        <span class='text_inner'>\n            <span class='feature_holder'>\n                            <span class=\"feature_holder_icons\">';\n                    \n                            <a itemprop='url' class='preview qbutton small white' href='https:\/\/www.dauris.com\/sv\/portfolio_page\/behandlingar\/' target='_self'>Mer inforamtion<\/i><\/a>\n    \n                                            <\/span>\n        <\/span>\n    <\/span>\n<\/span>            <\/div>\n                <div class='portfolio_description ' >\n\n        \n    <h5 itemprop=\"name\" class=\"portfolio_title entry_title\"><a itemprop=\"url\" href=\"https:\/\/www.dauris.com\/sv\/portfolio_page\/behandlingar\/\"  target=\"_self\"> Behandlingar<\/a><\/h5>\n\n\n        \n        \n    <\/div>\n        \n<\/article>\n<article class='mix portfolio_category_95 portfolio_category_70 default' style=''>\n    \n    \n    \n                <div class='image_holder'>\n                <a itemprop='url' class='portfolio_link_for_touch' href='https:\/\/www.dauris.com\/sv\/portfolio_page\/stenarnas-ljus\/' target=''>\n                    \n<span class='image'><img loading=\"lazy\" decoding=\"async\" width=\"800\" height=\"599\" src=\"https:\/\/www.dauris.com\/wp-content\/uploads\/2013\/10\/portfolio-kristallheiler.jpg\" class=\"attachment-full size-full wp-post-image\" alt=\"\" srcset=\"https:\/\/www.dauris.com\/wp-content\/uploads\/2013\/10\/portfolio-kristallheiler.jpg 800w, https:\/\/www.dauris.com\/wp-content\/uploads\/2013\/10\/portfolio-kristallheiler-300x225.jpg 300w, https:\/\/www.dauris.com\/wp-content\/uploads\/2013\/10\/portfolio-kristallheiler-768x575.jpg 768w, https:\/\/www.dauris.com\/wp-content\/uploads\/2013\/10\/portfolio-kristallheiler-700x524.jpg 700w\" sizes=\"auto, (max-width: 800px) 100vw, 800px\" \/><\/span>                <\/a>\n\n                <span class='text_holder'>\n    <span class='text_outer'>\n        <span class='text_inner'>\n            <span class='feature_holder'>\n                            <span class=\"feature_holder_icons\">';\n                    \n                            <a itemprop='url' class='preview qbutton small white' href='https:\/\/www.dauris.com\/sv\/portfolio_page\/stenarnas-ljus\/' target='_self'>Mer inforamtion<\/i><\/a>\n    \n                                            <\/span>\n        <\/span>\n    <\/span>\n<\/span>            <\/div>\n                <div class='portfolio_description ' >\n\n        \n    <h5 itemprop=\"name\" class=\"portfolio_title entry_title\"><a itemprop=\"url\" href=\"https:\/\/www.dauris.com\/sv\/portfolio_page\/stenarnas-ljus\/\"  target=\"_self\"> Stenarnas Ljus<\/a><\/h5>\n\n\n        \n        \n    <\/div>\n        \n<\/article>\n<article class='mix portfolio_category_95 portfolio_category_70 default' style=''>\n    \n    \n    \n                <div class='image_holder'>\n                <a itemprop='url' class='portfolio_link_for_touch' href='https:\/\/www.dauris.com\/sv\/portfolio_page\/vaegen-in-i-ljuset\/' target=''>\n                    \n<span class='image'><img loading=\"lazy\" decoding=\"async\" width=\"630\" height=\"472\" src=\"https:\/\/www.dauris.com\/wp-content\/uploads\/2013\/10\/Logo-WiL.jpg\" class=\"attachment-full size-full wp-post-image\" alt=\"\" srcset=\"https:\/\/www.dauris.com\/wp-content\/uploads\/2013\/10\/Logo-WiL.jpg 630w, https:\/\/www.dauris.com\/wp-content\/uploads\/2013\/10\/Logo-WiL-300x225.jpg 300w\" sizes=\"auto, (max-width: 630px) 100vw, 630px\" \/><\/span>                <\/a>\n\n                <span class='text_holder'>\n    <span class='text_outer'>\n        <span class='text_inner'>\n            <span class='feature_holder'>\n                            <span class=\"feature_holder_icons\">';\n                    \n                            <a itemprop='url' class='preview qbutton small white' href='https:\/\/www.dauris.com\/sv\/portfolio_page\/vaegen-in-i-ljuset\/' target='_self'>Mer inforamtion<\/i><\/a>\n    \n                                            <\/span>\n        <\/span>\n    <\/span>\n<\/span>            <\/div>\n                <div class='portfolio_description ' >\n\n        \n    <h5 itemprop=\"name\" class=\"portfolio_title entry_title\"><a itemprop=\"url\" href=\"https:\/\/www.dauris.com\/sv\/portfolio_page\/vaegen-in-i-ljuset\/\"  target=\"_self\"> V\u00e4gen in i Ljuset<\/a><\/h5>\n\n\n        \n        \n    <\/div>\n        \n<\/article>\n        <div class='filler'><\/div>\n            <div class='filler'><\/div>\n        <\/div>\n\n    \n    <\/div>[vc_row_inner row_type=&#8221;row&#8221; type=&#8221;full_width&#8221; text_align=&#8221;center&#8221; css_animation=&#8221;&#8221;][vc_column_inner]<a  itemprop=\"url\" href=\"https:\/\/www.dauris.com\/sv\/erbjudande\/\" target=\"_blank\"  class=\"qbutton  large default\" style=\"\">till alla erbjudanden<\/a>[\/vc_column_inner][\/vc_row_inner][\/vc_column][\/vc_row][vc_row css_animation=&#8221;&#8221; row_type=&#8221;row&#8221; use_row_as_full_screen_section=&#8221;no&#8221; type=&#8221;grid&#8221; angled_section=&#8221;no&#8221; text_align=&#8221;left&#8221; background_image_as_pattern=&#8221;without_pattern&#8221; padding_bottom=&#8221;30&#8243; padding_top=&#8221;70&#8243; z_index=&#8221;&#8221;][vc_column offset=&#8221;vc_col-lg-offset-2 vc_col-lg-8 vc_col-md-offset-1 vc_col-md-10&#8243;][vc_column_text css=&#8221;.vc_custom_1653468900341{margin-bottom: 20px !important;}&#8221;]<\/p>\n<h3>Aktuellt<\/h3>\n<p>[\/vc_column_text][vc_separator type=&#8221;transparent&#8221; up=&#8221;15&#8243; down=&#8221;0&#8243;]\n<div class='latest_post_holder boxes two_columns one_row' >\n    <ul>\n        <\/ul>\n<\/div>[\/vc_column][\/vc_row]<\/p>\n","protected":false},"excerpt":{"rendered":"<p>[vc_row css_animation=&#8221;&#8221; row_type=&#8221;row&#8221; use_row_as_full_screen_section=&#8221;no&#8221; type=&#8221;full_width&#8221; angled_section=&#8221;no&#8221; text_align=&#8221;left&#8221; background_image_as_pattern=&#8221;without_pattern&#8221;][vc_column][\/vc_column][\/vc_row][vc_row css_animation=&#8221;&#8221; row_type=&#8221;row&#8221; use_row_as_full_screen_section=&#8221;no&#8221; type=&#8221;grid&#8221; angled_section=&#8221;no&#8221; text_align=&#8221;left&#8221; background_image_as_pattern=&#8221;without_pattern&#8221; css=&#8221;.vc_custom_1647332807878{margin-top: 80px !important;}&#8221; z_index=&#8221;&#8221;][vc_column offset=&#8221;vc_col-lg-offset-2 vc_col-lg-8 vc_col-md-offset-1 vc_col-md-10&#8243;][vc_column_text css=&#8221;.vc_custom_1649080633364{margin-bottom: 40px !important;}&#8221;] Du vill v\u00e4xa &#8211; och \u00e4ntligen bli den du \u00e4r. [\/vc_column_text][vc_column_text css=&#8221;.vc_custom_1649080651115{margin-bottom: 40px !important;}&#8221;]Jag f\u00f6ljer dig med acceptans och&#8230;<\/p>\n","protected":false},"author":1,"featured_media":0,"parent":0,"menu_order":0,"comment_status":"open","ping_status":"open","template":"full_width.php","meta":{"footnotes":""},"class_list":["post-16217","page","type-page","status-publish","hentry"],"aioseo_notices":[],"_links":{"self":[{"href":"https:\/\/www.dauris.com\/sv\/wp-json\/wp\/v2\/pages\/16217","targetHints":{"allow":["GET"]}}],"collection":[{"href":"https:\/\/www.dauris.com\/sv\/wp-json\/wp\/v2\/pages"}],"about":[{"href":"https:\/\/www.dauris.com\/sv\/wp-json\/wp\/v2\/types\/page"}],"author":[{"embeddable":true,"href":"https:\/\/www.dauris.com\/sv\/wp-json\/wp\/v2\/users\/1"}],"replies":[{"embeddable":true,"href":"https:\/\/www.dauris.com\/sv\/wp-json\/wp\/v2\/comments?post=16217"}],"version-history":[{"count":9,"href":"https:\/\/www.dauris.com\/sv\/wp-json\/wp\/v2\/pages\/16217\/revisions"}],"predecessor-version":[{"id":16383,"href":"https:\/\/www.dauris.com\/sv\/wp-json\/wp\/v2\/pages\/16217\/revisions\/16383"}],"wp:attachment":[{"href":"https:\/\/www.dauris.com\/sv\/wp-json\/wp\/v2\/media?parent=16217"}],"curies":[{"name":"wp","href":"https:\/\/api.w.org\/{rel}","templated":true}]}}