{"id":16126,"date":"2022-02-24T19:17:07","date_gmt":"2022-02-24T19:17:07","guid":{"rendered":"https:\/\/www.dauris.com\/waterbooster\/"},"modified":"2022-03-17T19:53:54","modified_gmt":"2022-03-17T19:53:54","slug":"waterbooster","status":"publish","type":"page","link":"https:\/\/www.dauris.com\/sv\/waterbooster\/","title":{"rendered":"Shop"},"content":{"rendered":"<p>[vc_row css_animation=&#8221;&#8221; row_type=&#8221;row&#8221; use_row_as_full_screen_section=&#8221;no&#8221; type=&#8221;grid&#8221; angled_section=&#8221;no&#8221; text_align=&#8221;left&#8221; background_image_as_pattern=&#8221;without_pattern&#8221; z_index=&#8221;&#8221;][vc_column css=&#8221;.vc_custom_1645730866006{margin-top: 40px !important;}&#8221;][vc_column_text]<\/p>\n<h2>Dauris Waterbooster<\/h2>\n<p>[\/vc_column_text][\/vc_column][\/vc_row][vc_row css_animation=&#8221;&#8221; row_type=&#8221;row&#8221; use_row_as_full_screen_section=&#8221;no&#8221; type=&#8221;grid&#8221; angled_section=&#8221;no&#8221; text_align=&#8221;left&#8221; background_image_as_pattern=&#8221;without_pattern&#8221; z_index=&#8221;&#8221;][vc_column width=&#8221;2\/3&#8243;][vc_column_text]<\/p>\n<h3>Energetisera ditt dricksvatten sj\u00e4lv!<\/h3>\n<p>Efter bara 20 minuter \u00e4r vattnet du st\u00e4llde p\u00e5 laddaren renat och fyllt med ljus, p\u00e4rlande gl\u00e4dje och livlighet.<\/p>\n<p>B\u00e4st resultat med glasbeh\u00e5llare eftersom glas \u00e4r neutralt.<\/p>\n<p>Waterboostern har en diameter p\u00e5 14 cm och \u00e4r tillverkad av akrylglas. Det g\u00f6r den l\u00e4tt, l\u00e4tt att transportera och n\u00e4stan okrossbar. Den kostar 90\u20ac och kan skickas till dig med posten!<\/p>\n<p>Du debiteras en standardkostnad p\u00e5 5 euro f\u00f6r f\u00f6rpackning och de faktiska portokostnaderna. Leverans sker mot f\u00f6rskottsbetalning.<\/p>\n<p>[\/vc_column_text][vc_row_inner row_type=&#8221;row&#8221; type=&#8221;full_width&#8221; text_align=&#8221;center&#8221; css_animation=&#8221;&#8221; css=&#8221;.vc_custom_1647330334255{margin-top: 20px !important;margin-bottom: 20px !important;}&#8221;][vc_column_inner]<a  itemprop=\"url\" href=\"mailto:info@dauris.com\" target=\"_self\"  class=\"qbutton  large center default\" style=\"\">best\u00e4ll nu<\/a>[\/vc_column_inner][\/vc_row_inner][\/vc_column][vc_column width=&#8221;1\/3&#8243;][vc_single_image image=&#8221;15961&#8243; img_size=&#8221;full&#8221; alignment=&#8221;center&#8221; qode_css_animation=&#8221;&#8221;][\/vc_column][\/vc_row][vc_row css_animation=&#8221;&#8221; row_type=&#8221;row&#8221; use_row_as_full_screen_section=&#8221;no&#8221; type=&#8221;grid&#8221; angled_section=&#8221;no&#8221; text_align=&#8221;left&#8221; background_image_as_pattern=&#8221;without_pattern&#8221; z_index=&#8221;&#8221; css=&#8221;.vc_custom_1645731740345{margin-top: 40px !important;}&#8221;][vc_column width=&#8221;2\/3&#8243;][vc_column_text]<\/p>\n<h3>Feedbacks<\/h3>\n<h4>Dauri\u2018s Waterbooster \u2013 en k\u00e4rleksfull f\u00f6rnimmelse fr\u00e5n Ananda<\/h4>\n<p>Efter jag fick testa och iakta waterboostern under n\u00e5gra veckor skulle jag g\u00e4rna vilja delta mina erfarenheter och f\u00f6rnimmelser med er.<\/p>\n<p>F\u00f6rst ligger den s\u00e5 enkelt p\u00e5 bordet. Mjukt nunnande en gyllene ton str\u00e5lar den ut till v\u00e4rlden och v\u00e4ntar p\u00e5 att \u00f6ppet visa sitt v\u00e4sen n\u00e4r man st\u00e4ller ett glas vatten p\u00e5 den.<\/p>\n<p>Att st\u00e4lla ett glas vatten p\u00e5 waterboostern \u00e4r som att trycka en p\u00e5-knapp. I detta \u00f6gonblick b\u00f6rja det pirra och dansa, gnistra och klinga. Jag f\u00f6rnimmer en torus av regnb\u00e5gsf\u00e4rgade, eldig gnistrande pyttesm\u00e5 kosmiska kristalltonar. Det l\u00e5ter lite som det glada ljusa skrattet och fnittrandet av tusentals dansande kosmiska kristallv\u00e4sen som \u00e4r glada att har blivit kallade och f\u00e5r verka.<\/p>\n<p>De stiger upp i mitten av glaset och r\u00f6r sig i torus i det yttre ner\u00e5t igen. Det \u00e4r en konstant kretslopp som h\u00e5ller p\u00e5 s\u00e5 l\u00e4nge glaset med vattnet st\u00e5r p\u00e5.<\/p>\n<p>Kristalltonars klingandet duftar magiskt efter det gyllene lycka-k\u00e4rleks-ljus, som livet sk\u00e4nker oss. Om jag vandrar med handen in i detta f\u00e4lt genomstr\u00f6ms jag av lycklig villkorsl\u00f6s k\u00e4rlek.<\/p>\n<p>(Dauri, du borde verkligen t\u00e4nker \u00f6ver om du l\u00e4gger in det i en badessens eller en badpad \ud83d\ude42 &lt;3 )<\/p>\n<p>Allt detta \u00f6verf\u00f6rs sen till vattnet. Vattnet blir d\u00e4rigenom s\u00e5 ljuvlig klart som vatten bara kan vara. Det smakar f\u00e4rsk och levande. Det k\u00e4nns som om vattnets ljus f\u00f6rdelas i hela kroppen n\u00e4r man drickar \u2013 en h\u00e4rlig uppfriskande k\u00e4nsla.<\/p>\n<p>S\u00e5 klart har jag testat lite mer. Jag tar alltid lite i min kaffe. N\u00e4r jag b\u00f6rjar morgonen med kokt vatten, st\u00e4ller jag redan kv\u00e4llen innan min med vatten fyllda flaska p\u00e5 waterboostern och tar detta vatten p\u00e5 morgonen f\u00f6r att koka.<\/p>\n<p>Sen st\u00e4llde jag en vas med blommar som jag hade f\u00e5tt i present p\u00e5 den. P\u00e5 s\u00e5 s\u00e4tt kunde blommarna och jag gl\u00e4djas \u00e5t n\u00e5gra dagar l\u00e4ngre. D\u00e4rvid var de mycket mer kommunikativa \u00e4n &#8217;vanliga&#8217; snittblommar. \ud83d\ude09<\/p>\n<p>Prova att vattna blommorna med detta vatten och fr\u00e5ga dina v\u00e4xter vad de tycker om detta. Allts\u00e5 hos mig fanns bara positiva och mycket tacksamma feed-back.<\/p>\n<p>Eftersom \u00e4ven livsmeddel best\u00e5r till viss del av vatten, kan man s\u00e5 klart \u00e4ven l\u00e4gger dem p\u00e5 boostern, t.ex. en pumpa f\u00f6r en smaskig soppa eller helt enkelt de r\u00e5varor du vill anv\u00e4nda till n\u00e5got i k\u00f6ket.<\/p>\n<p>Va allts\u00e5 kreativa och anv\u00e4nd er om de vertyg som skapelsen k\u00e4lla st\u00e4ller till f\u00f6rfogande f\u00f6r oss.<\/p>\n<p>Tack Dauri att du st\u00e4llde dit till f\u00f6rfogande att h\u00e4mta detta verktyg till jorden. Jag \u00f6nskar alla som anv\u00e4nder det ett h\u00e4rlig smakfullt n\u00f6je och njutande.<\/p>\n<p>&nbsp;<\/p>\n<h4>Fr\u00e5n La Lindbladh<\/h4>\n<p>N\u00e4r jag anv\u00e4nde den f\u00f6rsta g\u00e5ngen blev jag \u00f6verv\u00e4ldigad av det starka kristallljuset som jag kunde uppfatta i vattnet. Med de vattenunderl\u00e4gg som jag har haft hittills har jag bara anv\u00e4nt vattnet f\u00f6r att dricka. Nu k\u00e4nner jag ett behov av att anv\u00e4nda detta ljusfyllda vatten till m\u00e5nga saker, f\u00f6r att vattna v\u00e4xter och groddar och f\u00f6r att laga mat. Vattnet ger mig gl\u00e4dje.<\/p>\n<p>&nbsp;<\/p>\n<h4>Fr\u00e5n Mala Reese<\/h4>\n<p>&#8230;ang\u00e5ende waterboostern: Jag tycker att vattnet f\u00e5r en annan struktur och blir mycket mjukare. D\u00e4rf\u00f6r har jag inte l\u00e4ngre ont i halsen n\u00e4r jag dricker mycket vatten.<\/p>\n<p>&nbsp;<\/p>\n<h4>Fr\u00e5n Sinta Wegener &#8211; \u2028Ljuscentrum Neustadt\/\u00d6stersj\u00f6n<\/h4>\n<p>Dauris Waterbooster \u00e4r verkligen helt exeptionell. Jag \u00e4lskar den! Mycket p\u00e5tagligt \u00f6ks \u00e5tnjutandet av vattnet, energin och livsgl\u00e4djen. Men det finns \u00e4ven en synlig kvalitet: H\u00e4r i Neustadt\/Holstein (Tyskland) har vi mycket h\u00e5rt vatten. Genom Dauris Waterbooster blir det d\u00f6da kranvattnet \u00e5ter s\u00e5 levande, att ingen kalk avs\u00e4tter sig i beh\u00e5llaren. Jag var alldeles f\u00f6rbluffad n\u00e4r jag efter n\u00e5gra veckor uppt\u00e4ckte att jag inte l\u00e4ngre beh\u00f6vde avkalka min karaff!<\/p>\n<p>Ocks\u00e5 d\u00e4rf\u00f6r: Tack k\u00e4ra Dauri![\/vc_column_text][vc_row_inner row_type=&#8221;row&#8221; type=&#8221;full_width&#8221; text_align=&#8221;center&#8221; css_animation=&#8221;&#8221; css=&#8221;.vc_custom_1647330169407{margin-top: 20px !important;}&#8221;][vc_column_inner]<a  itemprop=\"url\" href=\"mailto:info@dauris.com\" target=\"_self\"  class=\"qbutton  large center default\" style=\"\">best\u00e4ll nu<\/a>[\/vc_column_inner][\/vc_row_inner][\/vc_column][vc_column width=&#8221;1\/3&#8243; css=&#8221;.vc_custom_1645733730205{margin-top: 40px !important;}&#8221;][vc_single_image image=&#8221;16005&#8243; img_size=&#8221;full&#8221; alignment=&#8221;center&#8221; qode_css_animation=&#8221;&#8221;][vc_single_image image=&#8221;16011&#8243; img_size=&#8221;full&#8221; alignment=&#8221;center&#8221; qode_css_animation=&#8221;&#8221; css=&#8221;.vc_custom_1645733758504{margin-top: 80px !important;}&#8221;][\/vc_column][\/vc_row][vc_row css_animation=&#8221;&#8221; row_type=&#8221;row&#8221; use_row_as_full_screen_section=&#8221;no&#8221; type=&#8221;full_width&#8221; angled_section=&#8221;no&#8221; text_align=&#8221;left&#8221; background_image_as_pattern=&#8221;without_pattern&#8221;][vc_column][vc_single_image image=&#8221;15972&#8243; img_size=&#8221;full&#8221; alignment=&#8221;center&#8221; qode_css_animation=&#8221;&#8221;][\/vc_column][\/vc_row]<\/p>\n","protected":false},"excerpt":{"rendered":"<p>[vc_row css_animation=&#8221;&#8221; row_type=&#8221;row&#8221; use_row_as_full_screen_section=&#8221;no&#8221; type=&#8221;grid&#8221; angled_section=&#8221;no&#8221; text_align=&#8221;left&#8221; background_image_as_pattern=&#8221;without_pattern&#8221; z_index=&#8221;&#8221;][vc_column css=&#8221;.vc_custom_1645730866006{margin-top: 40px !important;}&#8221;][vc_column_text] Dauris Waterbooster [\/vc_column_text][\/vc_column][\/vc_row][vc_row css_animation=&#8221;&#8221; row_type=&#8221;row&#8221; use_row_as_full_screen_section=&#8221;no&#8221; type=&#8221;grid&#8221; angled_section=&#8221;no&#8221; text_align=&#8221;left&#8221; background_image_as_pattern=&#8221;without_pattern&#8221; z_index=&#8221;&#8221;][vc_column width=&#8221;2\/3&#8243;][vc_column_text] Energetisera ditt dricksvatten sj\u00e4lv! Efter bara 20 minuter \u00e4r vattnet du st\u00e4llde p\u00e5 laddaren renat och fyllt med ljus, p\u00e4rlande gl\u00e4dje&#8230;<\/p>\n","protected":false},"author":1,"featured_media":0,"parent":0,"menu_order":0,"comment_status":"closed","ping_status":"open","template":"full_width.php","meta":{"footnotes":""},"class_list":["post-16126","page","type-page","status-publish","hentry"],"aioseo_notices":[],"_links":{"self":[{"href":"https:\/\/www.dauris.com\/sv\/wp-json\/wp\/v2\/pages\/16126","targetHints":{"allow":["GET"]}}],"collection":[{"href":"https:\/\/www.dauris.com\/sv\/wp-json\/wp\/v2\/pages"}],"about":[{"href":"https:\/\/www.dauris.com\/sv\/wp-json\/wp\/v2\/types\/page"}],"author":[{"embeddable":true,"href":"https:\/\/www.dauris.com\/sv\/wp-json\/wp\/v2\/users\/1"}],"replies":[{"embeddable":true,"href":"https:\/\/www.dauris.com\/sv\/wp-json\/wp\/v2\/comments?post=16126"}],"version-history":[{"count":10,"href":"https:\/\/www.dauris.com\/sv\/wp-json\/wp\/v2\/pages\/16126\/revisions"}],"predecessor-version":[{"id":16265,"href":"https:\/\/www.dauris.com\/sv\/wp-json\/wp\/v2\/pages\/16126\/revisions\/16265"}],"wp:attachment":[{"href":"https:\/\/www.dauris.com\/sv\/wp-json\/wp\/v2\/media?parent=16126"}],"curies":[{"name":"wp","href":"https:\/\/api.w.org\/{rel}","templated":true}]}}