{"id":16246,"date":"2022-03-16T13:08:48","date_gmt":"2022-03-16T13:08:48","guid":{"rendered":"https:\/\/www.dauris.com\/impressum-datenschutzerklaerung\/"},"modified":"2022-04-04T13:20:44","modified_gmt":"2022-04-04T13:20:44","slug":"mentions-legal","status":"publish","type":"page","link":"https:\/\/www.dauris.com\/fr\/mentions-legal\/","title":{"rendered":"Mentions legal"},"content":{"rendered":"<p>[vc_row css_animation=\u00a0\u00bb\u00a0\u00bb row_type=\u00a0\u00bbrow\u00a0\u00bb use_row_as_full_screen_section=\u00a0\u00bbno\u00a0\u00bb type=\u00a0\u00bbfull_width\u00a0\u00bb angled_section=\u00a0\u00bbno\u00a0\u00bb text_align=\u00a0\u00bbleft\u00a0\u00bb background_image_as_pattern=\u00a0\u00bbwithout_pattern\u00a0\u00bb][vc_column][vc_column_text]<strong>Donn\u00e9es personnelles \/ Vie priv\u00e9e<\/strong><br \/>\nEn conformit\u00e9 avec les dispositions de la loi du 6 janvier 1978 relative \u00e0 l\u2019informatique, aux fichiers et aux libert\u00e9s, vous disposez d\u2019un droit d\u2019acc\u00e8s et de rectification portant sur les donn\u00e9es vous concernant en \u00e9crivant au si\u00e8ge social. Les donn\u00e9es personnelles recueillies sur le site www.dauris.com ne font pas l\u2019objet de traitements automatis\u00e9s. Il s\u2019agit de la r\u00e9cup\u00e9ration des donn\u00e9es via le formulaire de commande.<\/p>\n<p>Gestion des donn\u00e9es personnelles \/ Politique de traitement des donn\u00e9es personnelles<br \/>\nD\u2019une mani\u00e8re g\u00e9n\u00e9rale, il vous est possible de visiter le site de www.dauris.com sans communiquer aucune donn\u00e9e \u00e0 caract\u00e8re personnel vous concernant. En toute hypoth\u00e8se, vous n\u2019\u00eates en aucune mani\u00e8re oblig\u00e9 de transmettre ces informations \u00e0 Dauris.<\/p>\n<p>N\u00e9anmoins, en cas de refus, il se peut que vous ne puissiez pas b\u00e9n\u00e9ficier de certaines informations ou services que vous avez demand\u00e9. A ce titre en effet, Dauris peut \u00eatre amen\u00e9 dans certains cas \u00e0 vous demander de renseigner vos nom et pr\u00e9nom, adresse mail, adresse postale, num\u00e9ro de t\u00e9l\u00e9phone.<\/p>\n<p>En fournissant ces informations par vos commandes vous acceptez express\u00e9ment qu\u2019elles soient trait\u00e9es par Dauris aux fins\u00a0indiqu\u00e9es ci-apr\u00e8s.<br \/>\nConform\u00e9ment au R\u00e8glement Europ\u00e9en n\u00b02016\/679, dit R\u00e8glement G\u00e9n\u00e9ral sur la Protection des Donn\u00e9es (General Data Protection R\u00e9gulation) adopt\u00e9 par le Parlement europ\u00e9en le 14 avril 2016, et \u00e0 la Loi Informatique et Libert\u00e9s du 6 janvier 1978 modifi\u00e9e, Dauris vous informe des points suivants :<\/p>\n<p>1. Identit\u00e9 du responsable du traitement\u2028Le responsable du traitement est DAURIS, ayant son si\u00e8ge social 52 rue de la Fraternit\u00e9 \u00e0 Ribeauvill\u00e9\u2028T\u00e9l 06 32 07 66 35\u2028Mail : info@dauris.com<\/p>\n<p>2. Finalit\u00e9s du traitement<\/p>\n<p>Dauris est susceptible de traiter vos Informations Personnelles :\u2028\u2013 aux fins de vous fournir les informations ou les services que vous avez demand\u00e9;\u2028\u2013 aux fins de recueillir des informations nous permettant d\u2019am\u00e9liorer notre site, nos produits et services (notamment par le biais de cookies) ;\u2028\u2013 aux fins de pouvoir vous contacter \u00e0 propos de diff\u00e9rents \u00e9v\u00e8nements relatifs \u00e0 Dauris \u2028\u2013 pour les besoins de l\u2019ex\u00e9cution de vos commandes, notamment la facturation, le paiement, la livraison et les \u00e9ventuels retours, et plus g\u00e9n\u00e9ralement de la gestion de la relation avec vous.<\/p>\n<p>3. Destinataires<\/p>\n<p>Seul DAURIS est destinataire de vos Donn\u00e9es Personnelles. Celles-ci, ne sont jamais transmises \u00e0 un tiers, nonobstant les sous-traitants auxquels DAURIS fait appel\u00a0(vous trouverez de plus amples informations \u00e0 leur sujet au paragraphe\u00a0\u00ab\u00a0Prestataires externes\u00a0\u00bb). Ni DAURIS, ni ses sous-traitants, ne proc\u00e8dent \u00e0 la commercialisation des donn\u00e9es personnelles des visiteurs et utilisateurs de son site.<\/p>\n<p>4. Dur\u00e9e de conservation<\/p>\n<p>Vos Informations Personnelles sont conserv\u00e9es par DAURIS uniquement pour le temps correspondant \u00e0 la finalit\u00e9 de la collecte qui ne saurait en tout \u00e9tat de cause exc\u00e9der 36 mois.<\/p>\n<p>5. Droits Informatique et Libert\u00e9s<\/p>\n<p>Vous disposez des droits suivants concernant vos Donn\u00e9es Personnelles, que vous pouvez exercer en nous \u00e9crivant \u00e0 l\u2019adresse mail suivante\u00a0info@dauris.com\u00a0:\u2028\u2013 Droit d\u2019acc\u00e8s et de communication des donn\u00e9es \u2013 Droit \u00e0 la portabilit\u00e9 des donn\u00e9es :\u2028Vous avez la facult\u00e9 d\u2019acc\u00e9der aux Donn\u00e9es Personnelles qui vous concernent. Vous pouvez obtenir une copie des donn\u00e9es personnelles que vous nous avez fournies, dans un format structur\u00e9 et courant aux fins de transmission \u00e0 un autre responsable de traitement.<\/p>\n<p>6. Cependant, en raison de l\u2019obligation de s\u00e9curit\u00e9 et de confidentialit\u00e9 dans le traitement des donn\u00e9es \u00e0 caract\u00e8re personnel qui incombe \u00e0 DAURIS, vous \u00eates inform\u00e9 que votre demande sera trait\u00e9e sous r\u00e9serve que vous apportiez la preuve de votre identit\u00e9, notamment par la production d\u2019un scan de votre titre d\u2019identit\u00e9 valide\u00a0(en cas de demande adress\u00e9e par voie \u00e9lectronique)\u00a0ou d\u2019une photocopie sign\u00e9e de votre titre d\u2019identit\u00e9 valide\u00a0(en cas de demande adress\u00e9e par \u00e9crit).<\/p>\n<p>7. \u2028DAURIS vous informe \u00eatre en droit, le cas \u00e9ch\u00e9ant, de s\u2019opposer aux demandes manifestement abusives (de par leur nombre, leur caract\u00e8re r\u00e9p\u00e9titif ou syst\u00e9matique).<\/p>\n<p>8. Droit de rectification et d\u2019effacement des donn\u00e9es :\u2028Vous \u00eates habilit\u00e9 \u00e0 demander la rectification, la mise \u00e0 jour, le verrouillage ou encore l\u2019effacement des donn\u00e9es vous concernant qui peuvent s\u2019av\u00e9rer le cas \u00e9ch\u00e9ant inexactes, erron\u00e9es, incompl\u00e8tes ou obsol\u00e8tes.<\/p>\n<p>9. Vous pouvez nous faire part de vos directives g\u00e9n\u00e9rales et particuli\u00e8res sur le sort de vos donn\u00e9es personnelles en cas de d\u00e9c\u00e8s ; \u00e0 d\u00e9faut, vos h\u00e9ritiers pourront faire valoir les droits qu\u2019ils tiennent de la l\u00e9gislation applicable selon les modalit\u00e9s ci-dessous.<\/p>\n<p>10.Droit d\u2019opposition<br \/>\n1.\u2028Vous pouvez selon le cas, retirer votre consentement ou vous opposer au traitement de vos donn\u00e9es personnelles pour l\u2019envoi de mon newsletters en cliquant sur lien pr\u00e9vu \u00e0 cet effet dans mes emails ou en vous adressant \u00e0 l\u2019adresse mail : info@dauris.com<br \/>\n2.Le droit d\u2019opposition s\u2019exerce :\u2028\u2013 soit au moment de la collecte d\u2019informations ;\u2028\u2013 soit plus tard, en s\u2019adressant au responsable du traitement.<\/p>\n<p>11. D\u00e9lais de r\u00e9ponse\u2028DAURIS s\u2019engage \u00e0 r\u00e9pondre \u00e0 votre demande d\u2019acc\u00e8s, de communication, de rectification, d\u2019effacement ou d\u2019opposition ou toute autre demande compl\u00e9mentaire d\u2019informations dans un d\u00e9lai raisonnable qui ne saurait d\u00e9passer 1 mois \u00e0 compter de la r\u00e9ception de votre demande.<\/p>\n<p>12. Prestataires externes \u2013 sous-traitants partenaires :\u2028DAURIS vous informe qu\u2019il a recours \u00e0 des prestataires externes pour faciliter le recueil et le traitement des donn\u00e9es que vous nous avez communiqu\u00e9es et ce, dans le but de satisfaire au mieux vos exigences.<\/p>\n<p>13. Ces prestataires peuvent \u00eatre situ\u00e9s en dehors de l\u2019Union Europ\u00e9enne. Pour autant, ils sont soumis aux m\u00eames r\u00e8gles de confidentialit\u00e9 des donn\u00e9es personnelles. DAURIS s\u2019est pr\u00e9alablement assur\u00e9 de la mise en \u0153uvre par ses prestataires de garanties ad\u00e9quates et du respect de conditions strictes en mati\u00e8re de confidentialit\u00e9, d\u2019usage et de protection des donn\u00e9es.<\/p>\n<p>14. Certaines de vos donn\u00e9es personnelles sont accessibles aux seuls sous-traitants partenaires indiqu\u00e9s ci-dessous qui sont susceptibles d\u2019intervenir dans l\u2019ex\u00e9cution des commandes ou encore dans l\u2019envoi de mes newsletters.<\/p>\n<p>15. Nos prestataires externes sont list\u00e9s ci-dessous :<br \/>\n\u2013 KAS : plateforme d\u2019envoi d\u2019emails<br \/>\n\u2013 Stripe\u00a0: plateforme de paiement<br \/>\n&#8211; Zoom\u00a0: plateforme de contactes video<br \/>\n&#8211; 10to8\u00a0:\u00a0plateforme de r\u00e9servation de rendez-vous\u2028\u2013\u00a0KAS : prestataire d\u2019h\u00e9bergement. L\u2019ensemble de nos donn\u00e9es et donc les v\u00f4tres sont stock\u00e9es sur leurs serveurs.<br \/>\nVous pouvez consulter leur politique de confidentialit\u00e9 sur leurs sites internet respectifs.<\/p>\n<p>16. R\u00e9clamation aupr\u00e8s de l\u2019autorit\u00e9 comp\u00e9tente\u2028Si vous consid\u00e9rez que DAURIS ne respecte pas ses obligations au regard de vos Donn\u00e9es Personnelles, vous disposez du droit d\u2019introduire une r\u00e9clamation aupr\u00e8s de l\u2019autorit\u00e9 comp\u00e9tente, \u00e0 savoir aupr\u00e8s de la CNIL.<\/p>\n<p><strong>Avertissement<\/strong><br \/>\nToutes informations figurant sur ce site sont purement indicatives et ne sauraient engager la responsabilit\u00e9 de l\u2019\u00e9diteur.\u2028Ces informations, qui ne pr\u00e9tendent pas \u00e0 l\u2019exhaustivit\u00e9, ne sauraient valoir conseil, de quelque nature que ce soit.<br \/>\nCes informations sont susceptibles de modifications \u00e0 tout moment et sans pr\u00e9avis.<\/p>\n<p><strong>Droits de propri\u00e9t\u00e9 intellectuelle<\/strong><br \/>\nLa reproduction ou repr\u00e9sentation, int\u00e9grale ou partielle, des pages, des donn\u00e9es et de toute autre \u00e9l\u00e9ment constitutif au site, par quelque proc\u00e9d\u00e9 ou support que ce soit, est interdite et constitue sans autorisation expresse et pr\u00e9alable de l\u2019\u00e9diteur une contrefa\u00e7on sanctionn\u00e9e par les articles L335-2 et suivants du Code de Propri\u00e9t\u00e9 Intellectuelle.<br \/>\nToute utilisation du contenu et de site \u00e0 des fins ill\u00e9gales fera l\u2019objet de poursuites judiciaires \u00e0 l\u2019\u00e9gard des contrevenants.<\/p>\n<p><strong>Cookies<\/strong><br \/>\nL\u2019utilisateur est inform\u00e9 que lors de ses visites sur le site, un cookie peut s\u2019installer automatiquement et \u00eatre conserv\u00e9 temporairement en m\u00e9moire ou sur son disque dur. Un cookie est un \u00e9l\u00e9ment qui ne permet pas d\u2019identifier l\u2019utilisateur mais sert \u00e0 enregistrer des informations relatives \u00e0 la navigation de celui-ci sur le site internet. Les utilisateurs du site reconnaissent avoir \u00e9t\u00e9 inform\u00e9s de cette pratique et autorisent\u00a0DAURIS \u00e0 l\u2019employer. Ils pourront d\u00e9sactiver ce cookie par l\u2019interm\u00e9diaire des param\u00e8tres figurant au sein de leur navigateur web (Google Chrome, Firefox, Internet Explorer, Safari\u2026).<\/p>\n<p><strong>Signaler une erreur<\/strong><br \/>\nDAURIS tente par tous les moyens de diffuser une information valide, de garder celle-ci \u00e0 jour et de s\u2019assurer de la qualit\u00e9 du contenu. Si un contenu n\u2019est plus appropri\u00e9 ou d\u00e9range une soci\u00e9t\u00e9, je vous invite \u00e0 me signaler le probl\u00e8me par mail \u00e0 info@dauris.com. Le contenu sera modifi\u00e9\/corrig\u00e9 dans un d\u00e9lai de 48h00.<\/p>\n<p><strong>Cr\u00e9ation du site internet<\/strong><br \/>\nDAURIS<br \/>\n52 Rue de la Fraternit\u00e9 &#8211; 68150 Ribeauvill\u00e9\u2028www.dauris.com<\/p>\n<p><strong>Editeur<\/strong><br \/>\nDirecteur de publication : Dauri M. Neumann \u202852, rue de la Fraternit\u00e9 \u2013 68150 Ribeauvill\u00e9 \u2028T\u00e9l : 06 32 07 66 35<br \/>\nSIRET : 4491 609 360 0018 \u2028APE : 7490B<\/p>\n<p>&nbsp;<\/p>\n<p><strong>Photos<\/strong> de Dauri Neumann, Galea Uellendahl et Sarah Baumgartner <a class=\"\" href=\"http:\/\/www.sarahbaumgartner.com\/\" target=\"_blank\" rel=\"nofollow noopener\">www.sarahbaumgartner.com<\/a>[\/vc_column_text][\/vc_column][\/vc_row]<\/p>\n","protected":false},"excerpt":{"rendered":"<p>[vc_row css_animation=\u00a0\u00bb\u00a0\u00bb row_type=\u00a0\u00bbrow\u00a0\u00bb use_row_as_full_screen_section=\u00a0\u00bbno\u00a0\u00bb type=\u00a0\u00bbfull_width\u00a0\u00bb angled_section=\u00a0\u00bbno\u00a0\u00bb text_align=\u00a0\u00bbleft\u00a0\u00bb background_image_as_pattern=\u00a0\u00bbwithout_pattern\u00a0\u00bb][vc_column][vc_column_text]Donn\u00e9es personnelles \/ Vie priv\u00e9e En conformit\u00e9 avec les dispositions de la loi du 6 janvier 1978 relative \u00e0 l\u2019informatique, aux fichiers et aux libert\u00e9s, vous disposez d\u2019un droit d\u2019acc\u00e8s et de rectification portant sur les donn\u00e9es vous&#8230;<\/p>\n","protected":false},"author":2,"featured_media":0,"parent":0,"menu_order":0,"comment_status":"closed","ping_status":"closed","template":"","meta":{"footnotes":""},"class_list":["post-16246","page","type-page","status-publish","hentry"],"aioseo_notices":[],"_links":{"self":[{"href":"https:\/\/www.dauris.com\/fr\/wp-json\/wp\/v2\/pages\/16246","targetHints":{"allow":["GET"]}}],"collection":[{"href":"https:\/\/www.dauris.com\/fr\/wp-json\/wp\/v2\/pages"}],"about":[{"href":"https:\/\/www.dauris.com\/fr\/wp-json\/wp\/v2\/types\/page"}],"author":[{"embeddable":true,"href":"https:\/\/www.dauris.com\/fr\/wp-json\/wp\/v2\/users\/2"}],"replies":[{"embeddable":true,"href":"https:\/\/www.dauris.com\/fr\/wp-json\/wp\/v2\/comments?post=16246"}],"version-history":[{"count":5,"href":"https:\/\/www.dauris.com\/fr\/wp-json\/wp\/v2\/pages\/16246\/revisions"}],"predecessor-version":[{"id":16292,"href":"https:\/\/www.dauris.com\/fr\/wp-json\/wp\/v2\/pages\/16246\/revisions\/16292"}],"wp:attachment":[{"href":"https:\/\/www.dauris.com\/fr\/wp-json\/wp\/v2\/media?parent=16246"}],"curies":[{"name":"wp","href":"https:\/\/api.w.org\/{rel}","templated":true}]}}