{"id":16125,"date":"2022-02-24T19:17:07","date_gmt":"2022-02-24T19:17:07","guid":{"rendered":"https:\/\/www.dauris.com\/waterbooster\/"},"modified":"2022-03-17T19:54:35","modified_gmt":"2022-03-17T19:54:35","slug":"waterbooster","status":"publish","type":"page","link":"https:\/\/www.dauris.com\/fr\/waterbooster\/","title":{"rendered":"Shop"},"content":{"rendered":"<p>[vc_row css_animation=\u00a0\u00bb\u00a0\u00bb row_type=\u00a0\u00bbrow\u00a0\u00bb use_row_as_full_screen_section=\u00a0\u00bbno\u00a0\u00bb type=\u00a0\u00bbgrid\u00a0\u00bb angled_section=\u00a0\u00bbno\u00a0\u00bb text_align=\u00a0\u00bbleft\u00a0\u00bb background_image_as_pattern=\u00a0\u00bbwithout_pattern\u00a0\u00bb z_index=\u00a0\u00bb\u00a0\u00bb][vc_column css=\u00a0\u00bb.vc_custom_1645730866006{margin-top: 40px !important;}\u00a0\u00bb][vc_column_text]<\/p>\n<h2>Dauris Waterbooster<\/h2>\n<p>[\/vc_column_text][\/vc_column][\/vc_row][vc_row css_animation=\u00a0\u00bb\u00a0\u00bb row_type=\u00a0\u00bbrow\u00a0\u00bb use_row_as_full_screen_section=\u00a0\u00bbno\u00a0\u00bb type=\u00a0\u00bbgrid\u00a0\u00bb angled_section=\u00a0\u00bbno\u00a0\u00bb text_align=\u00a0\u00bbleft\u00a0\u00bb background_image_as_pattern=\u00a0\u00bbwithout_pattern\u00a0\u00bb z_index=\u00a0\u00bb\u00a0\u00bb][vc_column width=\u00a0\u00bb2\/3&Prime;][vc_column_text]<\/p>\n<h3>\u00c9nerg\u00e9tise toi m\u00eame ton eau de boisson!<\/h3>\n<p>D\u00e9j\u00e0 apr\u00e8s 20 minutes, l\u2019eau que tu as pos\u00e9e sur le Waterbooster est purifi\u00e9e \u00e9nerg\u00e9tiquement et remplie de lumi\u00e8re, de bonheur et de vie.<\/p>\n<p>Le mieux est que tu prennes un r\u00e9cipient en verre, car le verre est une mati\u00e8re neutre.<\/p>\n<p>Le Waterbooster a un diam\u00e8tre de 14 cm et est en verre acrylique. Il est donc l\u00e9ger, transportable et pratiquement incassable. Il co\u00fbte 90\u20ac et peut \u00eatre livr\u00e9 par la poste !<\/p>\n<p>Un montant de 5\u20ac est factur\u00e9 pour l&#8217;emballage et les frais de port r\u00e9els. L&rsquo;envoi se fait contre paiement d&rsquo;avance.[\/vc_column_text][vc_row_inner row_type=\u00a0\u00bbrow\u00a0\u00bb type=\u00a0\u00bbfull_width\u00a0\u00bb text_align=\u00a0\u00bbcenter\u00a0\u00bb css_animation=\u00a0\u00bb\u00a0\u00bb css=\u00a0\u00bb.vc_custom_1647330334255{margin-top: 20px !important;margin-bottom: 20px !important;}\u00a0\u00bb][vc_column_inner]<a  itemprop=\"url\" href=\"mailto:info@dauris.com\" target=\"_self\"  class=\"qbutton  large center default\" style=\"\">commandez maintenant<\/a>[\/vc_column_inner][\/vc_row_inner][\/vc_column][vc_column width=\u00a0\u00bb1\/3&Prime;][vc_single_image image=\u00a0\u00bb15960&Prime; img_size=\u00a0\u00bbfull\u00a0\u00bb alignment=\u00a0\u00bbcenter\u00a0\u00bb qode_css_animation=\u00a0\u00bb\u00a0\u00bb][\/vc_column][\/vc_row][vc_row css_animation=\u00a0\u00bb\u00a0\u00bb row_type=\u00a0\u00bbrow\u00a0\u00bb use_row_as_full_screen_section=\u00a0\u00bbno\u00a0\u00bb type=\u00a0\u00bbgrid\u00a0\u00bb angled_section=\u00a0\u00bbno\u00a0\u00bb text_align=\u00a0\u00bbleft\u00a0\u00bb background_image_as_pattern=\u00a0\u00bbwithout_pattern\u00a0\u00bb z_index=\u00a0\u00bb\u00a0\u00bb css=\u00a0\u00bb.vc_custom_1645731740345{margin-top: 40px !important;}\u00a0\u00bb][vc_column width=\u00a0\u00bb2\/3&Prime;][vc_column_text]<\/p>\n<h3>Feedbacks<\/h3>\n<h4>Dauri\u2018s Waterbooster \u2013 une perception pleine d&rsquo;amour de Ananda<\/h4>\n<p>Apr\u00e8s avoir test\u00e9 le waterbooster pendant quelques semaines, j&rsquo;aimerai bien partager mes exp\u00e9riences et perceptions avec vous.<\/p>\n<p>Il est juste devant toi sur la table. Doucement il rayonne d&rsquo;un son dor\u00e9. Il attend pr\u00eat \u00e0 montrer son \u00eatre d\u00e8s qu&rsquo;on y posera un verre d&rsquo;eau.<\/p>\n<p>Poser un verre sur le waterbooster c&rsquo;est comme appuyer sur le bouton d\u00e9marrage. \u00c0 ce moment \u00e7a commence \u00e0 fourmiller et danser, \u00e0 scintiller et sonner. Je per\u00e7ois un champ de petits sons cosmique cristallin, couleurs arc en ciel et flamboyant. \u00c7a sonne un petit peu comme si des milliers d&rsquo;\u00eatres de cristal dansaient, riaient et ricanaient de joie, heureux d&rsquo;\u00eatre appeler pour coop\u00e9rer.<\/p>\n<p>Ils montent par l&rsquo;axe du verre et reviennent par l\u2019ext\u00e9rieur du champ vers le bas. Une circulation constante qui dure tant que le verre avec l&rsquo;eau est pos\u00e9 dessus.<\/p>\n<p>Les sons prestigieux des cristaux sentent bon la lumi\u00e8re d&rsquo;or de l&rsquo;amour et du bonheur que la vie nous donne. Si je passe ma main dans ce champ je suis remplis de l&rsquo;amour inconditionnel et heureux.<\/p>\n<p>(Dauri, tu devrais vraiment penser \u00e0 mettre \u00e7a dans une essence de bain ou un patch de bain \ud83d\ude42 &lt;3 )<\/p>\n<p>Tout \u00e7a se transf\u00e8re dans l&rsquo;eau. L&rsquo;eau devient si vivante et claire telle que seule l&rsquo;eau peut l&rsquo;\u00eatre. Elle sent la fra\u00eecheur et la vie. On a l&rsquo;impression lorsqu&rsquo;on la boit que sa lumi\u00e8re se propage dans le corps. Une superbe sensation et rafra\u00eechissement.<\/p>\n<p>Bien s\u00fbr je l&rsquo;ai test\u00e9e un peu plus. Par exemple j&rsquo;en mets toujours un peu dans mon caf\u00e9. Quand je commence le matin avec de l&rsquo;eau bouillie je pose d\u00e9j\u00e0 le soir ma bouteille d&rsquo;eau sur le waterbooster et je prends cette eau l\u00e0 le matin pour la fair bouillir.<\/p>\n<p>Apr\u00e8s j&rsquo;ai mis un vase avec des fleurs que j\u2019avais eu comme cadeau sur le booster. Les fleurs \u00e9taient jolies quelques jours de plus et \u00e9taient plus communicatives que des fleurs \u201dnormales\u201d \ud83d\ude09<\/p>\n<p>Essaye une fois d\u2019arroser les plantes avec cette eau et demande \u00e0 tes plantes ce qu&rsquo;elles en pensent. Chez moi il y avait que des r\u00e9actions positives et de reconnaissance.<\/p>\n<p>Parce que m\u00eame des produits alimentaires sont composer d&rsquo;un certain pourcentage d&rsquo;eau, on peut bien s\u00fbr les poser l\u00e0 dessus. Par exemple un potiron pour une d\u00e9licieuse soupe ou tout simplement les ingr\u00e9dients tu as pr\u00e9vu pour un repas.<\/p>\n<p>Alors soyez cr\u00e9atifs et profitez des outils que la source de la Cr\u00e9ation nous mets \u00e0 disponibilit\u00e9.<\/p>\n<p>Merci Dauri, que tu t&rsquo;es mis en disposition pour ammener cet outil sur Terre. Je souhaite \u00e0 tout le monde qui l&rsquo;utilise un superbe plaisir de saveur \u00e0 d\u00e9guster.<\/p>\n<p>&nbsp;<\/p>\n<p>&nbsp;<\/p>\n<h4>De La Lindbladh<\/h4>\n<p>Lors de la premi\u00e8re utilisation, j&rsquo;ai \u00e9t\u00e9 subjugu\u00e9 par la forte lumi\u00e8re cristalline que je percevais dans l&rsquo;eau. Avec d&rsquo;autre booster que j&rsquo;avais jusqu&rsquo;\u00e0 pr\u00e9sent, je n&rsquo;utilisais l&rsquo;eau que pour boire. Maintenant, je ressens le besoin d&rsquo;utiliser cette eau lumineuse pour beaucoup de choses, pour arroser les plantes et les pousses et pour cuisiner. L&rsquo;eau me fait plaisir.<\/p>\n<p>&nbsp;<\/p>\n<h4>De Mala Reese<\/h4>\n<p>\u2026 concernant le waterbooster: Je trouve que l&rsquo;eau re\u00e7oit une autre structure et devient beaucoup plus douce. Ce pourquoi je n&rsquo;ai plus mal \u00e0 la gorge quand je bois beaucoup d&rsquo;eau.<\/p>\n<p>&nbsp;<\/p>\n<h4>De Sinta Wegener &#8211; Centre de la lumi\u00e8re Neustadt\/mer baltique<\/h4>\n<p>Boire cette eau augmente nettement l&rsquo;energie et la joie de vivre.<\/p>\n<p>Il y a m\u00eame une qualit\u00e9 physique visible: Ici \u00e0 Neustadt on a de l&rsquo;eau tr\u00e8s d\u00fbre. Avec le booster l&rsquo;eau de robinet morte deviens tellement vivante que le calcaire ne se d\u00e9pose plus dans le r\u00e9cipiant. J&rsquo;\u00e9tais completement stup\u00e9faite et enthousiaste quand j&rsquo;ai d\u00e9couvert apr\u00e8s quelques semaines que je n&rsquo;avais plus besoin de d\u00e9calcifier ma carafe!<\/p>\n<p>M\u00eame pour ca: Merci Dauri[\/vc_column_text][vc_row_inner row_type=\u00a0\u00bbrow\u00a0\u00bb type=\u00a0\u00bbfull_width\u00a0\u00bb text_align=\u00a0\u00bbcenter\u00a0\u00bb css_animation=\u00a0\u00bb\u00a0\u00bb css=\u00a0\u00bb.vc_custom_1647330169407{margin-top: 20px !important;}\u00a0\u00bb][vc_column_inner]<a  itemprop=\"url\" href=\"mailto:info@dauris.com\" target=\"_self\"  class=\"qbutton  large center default\" style=\"\">commandez maintenant<\/a>[\/vc_column_inner][\/vc_row_inner][\/vc_column][vc_column width=\u00a0\u00bb1\/3&Prime; css=\u00a0\u00bb.vc_custom_1645733730205{margin-top: 40px !important;}\u00a0\u00bb][vc_single_image image=\u00a0\u00bb16004&Prime; img_size=\u00a0\u00bbfull\u00a0\u00bb alignment=\u00a0\u00bbcenter\u00a0\u00bb qode_css_animation=\u00a0\u00bb\u00a0\u00bb][vc_single_image image=\u00a0\u00bb16010&Prime; img_size=\u00a0\u00bbfull\u00a0\u00bb alignment=\u00a0\u00bbcenter\u00a0\u00bb qode_css_animation=\u00a0\u00bb\u00a0\u00bb css=\u00a0\u00bb.vc_custom_1645733758504{margin-top: 80px !important;}\u00a0\u00bb][\/vc_column][\/vc_row][vc_row css_animation=\u00a0\u00bb\u00a0\u00bb row_type=\u00a0\u00bbrow\u00a0\u00bb use_row_as_full_screen_section=\u00a0\u00bbno\u00a0\u00bb type=\u00a0\u00bbfull_width\u00a0\u00bb angled_section=\u00a0\u00bbno\u00a0\u00bb text_align=\u00a0\u00bbleft\u00a0\u00bb background_image_as_pattern=\u00a0\u00bbwithout_pattern\u00a0\u00bb][vc_column][vc_single_image image=\u00a0\u00bb15971&Prime; img_size=\u00a0\u00bbfull\u00a0\u00bb alignment=\u00a0\u00bbcenter\u00a0\u00bb qode_css_animation=\u00a0\u00bb\u00a0\u00bb][\/vc_column][\/vc_row]<\/p>\n","protected":false},"excerpt":{"rendered":"<p>[vc_row css_animation=\u00a0\u00bb\u00a0\u00bb row_type=\u00a0\u00bbrow\u00a0\u00bb use_row_as_full_screen_section=\u00a0\u00bbno\u00a0\u00bb type=\u00a0\u00bbgrid\u00a0\u00bb angled_section=\u00a0\u00bbno\u00a0\u00bb text_align=\u00a0\u00bbleft\u00a0\u00bb background_image_as_pattern=\u00a0\u00bbwithout_pattern\u00a0\u00bb z_index=\u00a0\u00bb\u00a0\u00bb][vc_column css=\u00a0\u00bb.vc_custom_1645730866006{margin-top: 40px !important;}\u00a0\u00bb][vc_column_text] Dauris Waterbooster [\/vc_column_text][\/vc_column][\/vc_row][vc_row css_animation=\u00a0\u00bb\u00a0\u00bb row_type=\u00a0\u00bbrow\u00a0\u00bb use_row_as_full_screen_section=\u00a0\u00bbno\u00a0\u00bb type=\u00a0\u00bbgrid\u00a0\u00bb angled_section=\u00a0\u00bbno\u00a0\u00bb text_align=\u00a0\u00bbleft\u00a0\u00bb background_image_as_pattern=\u00a0\u00bbwithout_pattern\u00a0\u00bb z_index=\u00a0\u00bb\u00a0\u00bb][vc_column width=\u00a0\u00bb2\/3&Prime;][vc_column_text] \u00c9nerg\u00e9tise toi m\u00eame ton eau de boisson! D\u00e9j\u00e0 apr\u00e8s 20 minutes, l\u2019eau que tu as pos\u00e9e sur le Waterbooster est purifi\u00e9e&#8230;<\/p>\n","protected":false},"author":1,"featured_media":0,"parent":0,"menu_order":0,"comment_status":"closed","ping_status":"open","template":"full_width.php","meta":{"footnotes":""},"class_list":["post-16125","page","type-page","status-publish","hentry"],"aioseo_notices":[],"_links":{"self":[{"href":"https:\/\/www.dauris.com\/fr\/wp-json\/wp\/v2\/pages\/16125","targetHints":{"allow":["GET"]}}],"collection":[{"href":"https:\/\/www.dauris.com\/fr\/wp-json\/wp\/v2\/pages"}],"about":[{"href":"https:\/\/www.dauris.com\/fr\/wp-json\/wp\/v2\/types\/page"}],"author":[{"embeddable":true,"href":"https:\/\/www.dauris.com\/fr\/wp-json\/wp\/v2\/users\/1"}],"replies":[{"embeddable":true,"href":"https:\/\/www.dauris.com\/fr\/wp-json\/wp\/v2\/comments?post=16125"}],"version-history":[{"count":10,"href":"https:\/\/www.dauris.com\/fr\/wp-json\/wp\/v2\/pages\/16125\/revisions"}],"predecessor-version":[{"id":16266,"href":"https:\/\/www.dauris.com\/fr\/wp-json\/wp\/v2\/pages\/16125\/revisions\/16266"}],"wp:attachment":[{"href":"https:\/\/www.dauris.com\/fr\/wp-json\/wp\/v2\/media?parent=16125"}],"curies":[{"name":"wp","href":"https:\/\/api.w.org\/{rel}","templated":true}]}}