{"id":15801,"date":"2015-04-14T09:54:45","date_gmt":"2015-04-14T09:54:45","guid":{"rendered":"https:\/\/www.dauris.com\/ueber-mich-kontakt\/"},"modified":"2023-02-22T16:43:33","modified_gmt":"2023-02-22T16:43:33","slug":"a-propos-de-moi-contact","status":"publish","type":"page","link":"https:\/\/www.dauris.com\/fr\/a-propos-de-moi-contact\/","title":{"rendered":"\u00c0 propos de moi &#038; contact"},"content":{"rendered":"<p>[vc_row css_animation=\u00a0\u00bb\u00a0\u00bb row_type=\u00a0\u00bbrow\u00a0\u00bb use_row_as_full_screen_section=\u00a0\u00bbno\u00a0\u00bb type=\u00a0\u00bbgrid\u00a0\u00bb angled_section=\u00a0\u00bbno\u00a0\u00bb text_align=\u00a0\u00bbcenter\u00a0\u00bb background_image_as_pattern=\u00a0\u00bbwithout_pattern\u00a0\u00bb padding_bottom=\u00a0\u00bb30&Prime; css=\u00a0\u00bb.vc_custom_1644345011083{margin-top: 40px !important;}\u00a0\u00bb z_index=\u00a0\u00bb\u00a0\u00bb][vc_column width=\u00a0\u00bb1\/2&Prime; css=\u00a0\u00bb.vc_custom_1647981140178{margin-bottom: 40px !important;}\u00a0\u00bb][vc_column_text]<\/p>\n<h2 style=\"text-align: left;\">Je suis Dauri.<\/h2>\n<p style=\"text-align: left;\">Je suis enseignante et ma\u00eetre spirituel, m\u00e8re et m\u00e8re des pierres, dipl\u00f4m\u00e9e en p\u00e9dagogie et th\u00e9rapeute.<\/p>\n<p style=\"text-align: left;\">J&rsquo;ai toujours aim\u00e9 accompagner les gens &#8211; les aider \u00e0 entrer en contact avec eux-m\u00eames de mani\u00e8re \u00e0 ce qu&rsquo;ils veuillent se vivre eux-m\u00eames, qu&rsquo;ils puissent voir et suivre leur propre chemin \u00e0 partir d&rsquo;eux-m\u00eames et qu&rsquo;ils soient pr\u00eats \u00e0 mettre en \u0153uvre les changements n\u00e9cessaires pour cela.<\/p>\n<p style=\"text-align: left;\"><strong>Enfant, j&rsquo;\u00e9tais d\u00e9j\u00e0 sensible et consciente de l&rsquo;\u00c9nergie.<\/strong><\/p>\n<p style=\"text-align: left;\">Il m&rsquo;a fallu quelques ann\u00e9es pour apprendre \u00e0 me conna\u00eetre et comprendre comment je fonctionnais et m&rsquo;accepter telle que j&rsquo;\u00e9tais r\u00e9ellement.<\/p>\n<p style=\"text-align: left;\">L&rsquo;exp\u00e9rience cl\u00e9 a \u00e9t\u00e9 ma participation au s\u00e9minaire <a href=\"https:\/\/www.dauris.com\/fr\/portfolio_page\/vers-la-lumiere\/\">\u00ab\u00a0Le chemin vers la lumi\u00e8re\u00a0\u00bb<\/a> donn\u00e9 par Agni Eickermann en 1994\/95. D\u00e8s que j&rsquo;ai eu le d\u00e9pliant entre mes mains, j&rsquo;ai su que j&rsquo;\u00e9tais venue sur Terre pr\u00e9cis\u00e9ment pour cette raison: rappeler aux gens qu&rsquo;ils sont des \u00eatres de lumi\u00e8re et les aider \u00e0 s&rsquo;y d\u00e9couvrir afin de pouvoir vivre qui ils sont r\u00e9ellement. C&rsquo;est donc tout naturellement que j&rsquo;ai poursuivi ma formation en devenant conseiller spirituel et enseignant, puis ma\u00eetre dans la tradition d&rsquo;Agni.<\/p>\n<p style=\"text-align: left;\">D\u00e8s le d\u00e9but des ann\u00e9es 90, j&rsquo;ai d\u00e9couvert mon lien profond et mon amour pour les cristaux et les pierres. Ils m&rsquo;ont guid\u00e9 vers leur savoir et m&rsquo;ont fait ressentir leurs pouvoirs. Depuis, ils m&rsquo;ont accompagn\u00e9s dans mon cheminement, et ils constituent des outils pr\u00e9cieux et appr\u00e9ci\u00e9s dans mes s\u00e9minaires et s\u00e9ances individuelles. Ils sont \u00e9galement disponibles \u00e0 la vente.<\/p>\n<p style=\"text-align: left;\">Aujourd&rsquo;hui, je suis heureuse de voir des personnes se rapprocher d&rsquo;elles-m\u00eames en <a href=\"https:\/\/www.dauris.com\/fr\/portfolio_page\/traitements\/\">s\u00e9ance individuelle<\/a>, et de pouvoir les former au m\u00e9tier de <a href=\"https:\/\/www.dauris.com\/fr\/portfolio_page\/la-lumiere-des-pierres\/\">lithoth\u00e9rapeute<\/a> et les guider pendant les s\u00e9minaires <a href=\"https:\/\/www.dauris.com\/fr\/portfolio_page\/vers-la-lumiere\/\">\u00abVers la lumi\u00e8re\u00bb<\/a> et <a href=\"https:\/\/www.dauris.com\/fr\/portfolio_page\/alpha-chi-consultant\/\">\u00abACC\u00bb<\/a>.<\/p>\n<p>[\/vc_column_text][\/vc_column][vc_column width=\u00a0\u00bb1\/2&Prime;][vc_single_image image=\u00a0\u00bb15852&Prime; img_size=\u00a0\u00bb400&#215;533&Prime; alignment=\u00a0\u00bbcenter\u00a0\u00bb qode_css_animation=\u00a0\u00bb\u00a0\u00bb][\/vc_column][\/vc_row][vc_row css_animation=\u00a0\u00bb\u00a0\u00bb row_type=\u00a0\u00bbrow\u00a0\u00bb use_row_as_full_screen_section=\u00a0\u00bbno\u00a0\u00bb type=\u00a0\u00bbgrid\u00a0\u00bb angled_section=\u00a0\u00bbno\u00a0\u00bb text_align=\u00a0\u00bbcenter\u00a0\u00bb background_image_as_pattern=\u00a0\u00bbwithout_pattern\u00a0\u00bb padding_bottom=\u00a0\u00bb30&Prime; css=\u00a0\u00bb.vc_custom_1644346105600{margin-top: 40px !important;}\u00a0\u00bb z_index=\u00a0\u00bb\u00a0\u00bb][vc_column width=\u00a0\u00bb1\/2&Prime; css=\u00a0\u00bb.vc_custom_1647981147985{margin-bottom: 40px !important;}\u00a0\u00bb][vc_single_image image=\u00a0\u00bb16313&Prime; img_size=\u00a0\u00bb300&#215;400&Prime; alignment=\u00a0\u00bbcenter\u00a0\u00bb onclick=\u00a0\u00bblink_image\u00a0\u00bb qode_css_animation=\u00a0\u00bb\u00a0\u00bb][\/vc_column][vc_column width=\u00a0\u00bb1\/2&Prime;][vc_column_text]<\/p>\n<h2>Contact<\/h2>\n<p>Dauri Neumann<\/p>\n<p>E-mail: <a href=\"mailto:info@dauris.com\">info@dauris.com<\/a><\/p>\n<p>T\u00e9l\u00e9phone: +33.632.07.66.35<\/p>\n<p>[\/vc_column_text][\/vc_column][\/vc_row]<\/p>\n","protected":false},"excerpt":{"rendered":"<p>[vc_row css_animation=\u00a0\u00bb\u00a0\u00bb row_type=\u00a0\u00bbrow\u00a0\u00bb use_row_as_full_screen_section=\u00a0\u00bbno\u00a0\u00bb type=\u00a0\u00bbgrid\u00a0\u00bb angled_section=\u00a0\u00bbno\u00a0\u00bb text_align=\u00a0\u00bbcenter\u00a0\u00bb background_image_as_pattern=\u00a0\u00bbwithout_pattern\u00a0\u00bb padding_bottom=\u00a0\u00bb30&Prime; css=\u00a0\u00bb.vc_custom_1644345011083{margin-top: 40px !important;}\u00a0\u00bb z_index=\u00a0\u00bb\u00a0\u00bb][vc_column width=\u00a0\u00bb1\/2&Prime; css=\u00a0\u00bb.vc_custom_1647981140178{margin-bottom: 40px !important;}\u00a0\u00bb][vc_column_text] Je suis Dauri. Je suis enseignante et ma\u00eetre spirituel, m\u00e8re et m\u00e8re des pierres, dipl\u00f4m\u00e9e en p\u00e9dagogie et th\u00e9rapeute. J&rsquo;ai toujours aim\u00e9 accompagner les gens &#8211; les aider&#8230;<\/p>\n","protected":false},"author":1,"featured_media":0,"parent":0,"menu_order":0,"comment_status":"open","ping_status":"open","template":"full_width.php","meta":{"footnotes":""},"class_list":["post-15801","page","type-page","status-publish","hentry"],"aioseo_notices":[],"_links":{"self":[{"href":"https:\/\/www.dauris.com\/fr\/wp-json\/wp\/v2\/pages\/15801","targetHints":{"allow":["GET"]}}],"collection":[{"href":"https:\/\/www.dauris.com\/fr\/wp-json\/wp\/v2\/pages"}],"about":[{"href":"https:\/\/www.dauris.com\/fr\/wp-json\/wp\/v2\/types\/page"}],"author":[{"embeddable":true,"href":"https:\/\/www.dauris.com\/fr\/wp-json\/wp\/v2\/users\/1"}],"replies":[{"embeddable":true,"href":"https:\/\/www.dauris.com\/fr\/wp-json\/wp\/v2\/comments?post=15801"}],"version-history":[{"count":10,"href":"https:\/\/www.dauris.com\/fr\/wp-json\/wp\/v2\/pages\/15801\/revisions"}],"predecessor-version":[{"id":16447,"href":"https:\/\/www.dauris.com\/fr\/wp-json\/wp\/v2\/pages\/15801\/revisions\/16447"}],"wp:attachment":[{"href":"https:\/\/www.dauris.com\/fr\/wp-json\/wp\/v2\/media?parent=15801"}],"curies":[{"name":"wp","href":"https:\/\/api.w.org\/{rel}","templated":true}]}}